{"id":2056,"date":"2025-01-28T09:20:53","date_gmt":"2025-01-28T08:20:53","guid":{"rendered":"http:\/\/fritz-segel.com\/?page_id=2056"},"modified":"2026-03-26T16:00:01","modified_gmt":"2026-03-26T15:00:01","slug":"agb","status":"publish","type":"page","link":"https:\/\/fritz-segel.com\/en\/agb\/","title":{"rendered":"Allgemeine Gesch\u00e4ftsbedingungen"},"content":{"rendered":"<p>[et_pb_section fb_built=&#8221;1&#8243; _builder_version=&#8221;4.27.4&#8243; _module_preset=&#8221;default&#8221; global_colors_info=&#8221;{}&#8221;][et_pb_row _builder_version=&#8221;4.27.4&#8243; _module_preset=&#8221;default&#8221; global_colors_info=&#8221;{}&#8221;][et_pb_column type=&#8221;4_4&#8243; _builder_version=&#8221;4.27.4&#8243; _module_preset=&#8221;default&#8221; global_colors_info=&#8221;{}&#8221;][et_pb_text _builder_version=&#8221;4.27.4&#8243; _module_preset=&#8221;default&#8221; hover_enabled=&#8221;0&#8243; global_colors_info=&#8221;{}&#8221; sticky_enabled=&#8221;0&#8243;]<\/p>\n<h1>Allgemeine Gesch\u00e4ftsbedingungen<\/h1>\n<h5><strong> Allgemeines<\/strong><\/h5>\n<p>Fertigungen und Lieferungen werden ausschlie\u00dflich zu den nachstehenden Bedingungen durchgef\u00fchrt. Der Besteller erkennt mit Erteilung eines Auftrages folgende Fertigungs-, Verkaufs- und Lieferungs\u00adbedingungen an.<\/p>\n<p>Alle m\u00fcndlichen Vereinbarungen und Erkl\u00e4rungen werden nur dann Vertragsinhalt, wenn sie schriftlich vereinbart oder schriftlich von uns best\u00e4tigt worden sind.<\/p>\n<h5><strong> Angebot<\/strong><\/h5>\n<p>Unsere Angebote sind stets freibleibend und unverbindlich. Abbildungen, Zeichnungen, Gewichts-, Ma\u00df-, Form-, Stabilit\u00e4ts- und Leistungsangaben sind nur ann\u00e4hernd ma\u00dfgebend, soweit sie nicht schriftlich als verbindlich bezeichnet sind. Ma\u00dfe, die uns von Kunden aufgegeben, gelten f\u00fcr uns als verbindlich. Eine Nachpr\u00fcfung unsererseits muss nicht erfolgen. Konstruktions\u00e4nderungen sind vorbehalten und zul\u00e4ssig, sofern hierdurch keine Nutzungsminderung eintritt.<\/p>\n<h5><strong> Preise und Versand<\/strong><\/h5>\n<p>Es gelten die Preise gem\u00e4\u00df Auftragsbest\u00e4tigung\/Rechnung. Kann der Auftrag aus Gr\u00fcnden, die der K\u00e4ufer zu vertreten hat (z. B. fehlende Ma\u00dfe etc.), nicht innerhalb von 2 Monaten nach Auftragserteilung bearbeitet werden, kann der Preis sich den ver\u00e4nderten Kostenfaktoren anpassen. Ein eventuell gew\u00e4hrter Herbstrabatt kann aus obengenannten Gr\u00fcnden verfallen.<\/p>\n<p>Wenn nicht anders vereinbart, beziehen sich die Preise auf Materialien, Beschl\u00e4ge und Zubeh\u00f6rteile, die \u00fcblicherweise bei uns verwendet werden. Diesbez\u00fcgliche \u00c4nderungen bleiben vorbehalten. Wenn nicht anders vereinbart, verstehen sich die Preise ab Produktionsort Prien und schlie\u00dfen Versicherung, Verpackung, Fracht, Transport und Aufstellung bzw. Montage nicht ein. Alle zum Versand kommenden Artikel werden, falls gew\u00fcnscht, grunds\u00e4tzlich auf Kosten des Empf\u00e4ngers gegen Verlust und Besch\u00e4digung transportversichert.<\/p>\n<p>Der Versand erfolgt, wenn nicht anders vereinbart, in allen F\u00e4llen auf Rechnung und Gefahr des Bestellers bzw. Empf\u00e4ngers. Wir entscheiden \u00fcber Art und Weise des Versands, au\u00dfer bei Sonderanweisungen des Kunden. Es bleibt uns vorbehalten, Teillieferungen vorzunehmen, sofern dies f\u00fcr eine z\u00fcgige Abwicklung vorteilhaft erscheint.<\/p>\n<h5><strong> Lieferzeit und Lieferung<\/strong><\/h5>\n<p>Lieferzeiten beginnen mit dem Tag unserer Bestellungsannahme bzw. mit dem Zeitpunkt des Zuganges der schriftlichen Auftragserteilung durch den Kunden, jedoch nicht vor Kl\u00e4rung aller Ausf\u00fchrungseinzelheiten. H\u00f6here Gewalt und unvorhergesehene Ereignisse, die au\u00dferhalb unseres Willens bzw. unseres Einflussbereiches liegen, wie z. B. Betriebsst\u00f6rungen, Produktionsausschuss und dergl. im eigenen Betrieb oder bei Unterlieferanten, verl\u00e4ngern die Lieferzeit angemessen; auch dann wenn sie w\u00e4hrend eines Lieferverzuges eintreten. Bei vorgenanntem Lieferungsverzug sind Schadensersatzanspr\u00fcche als auch das R\u00fccktrittsrecht des Bestellers ausgeschlossen.<\/p>\n<p>Wird \u201epers\u00f6nliche Abholung\u201c vereinbart und der Abholtermin um 14 Tage \u00fcberschritten, so sind wir berechtigt, dem Kunden die Ware auf seine Kosten zuzusenden.<\/p>\n<h5><strong> Zahlungsbedingungen<\/strong><\/h5>\n<p>Mit Auftragserteilung\/Rechnung sind 50% des jeweiligen Kaufpreises im Wege der Vorauszahlung (= Anzahlung) zu leisten, der Rest des Kaufpreises wird mit dem Erhalt der Lieferung f\u00e4llig. Letztere sogenannte Restkaufsumme ist innerhalb von 14 Tagen zahlbar. Auslandslieferungen erfolgen nur gegen Vorauskasse.<\/p>\n<p>Die Durchf\u00fchrung des Auftrages wird solange zur\u00fcckgestellt, bis der Anzahlungsbetrag eingegangen ist. Wird die Anzahlung nicht innerhalb von 14 Tagen geleistet, sind wir berechtigt, von Auftrag bzw. Kauf zur\u00fcckzutreten.<\/p>\n<p>Bei \u00dcberschreitung des vereinbarten Zahlungszieles sind wir berechtigt, Verzugszinsen in H\u00f6he von 7% \u00fcber dem jeweiligen Diskontsatz der Deutschen Bundesbank zu berechnen.<\/p>\n<h5><strong> Gew\u00e4hrleistung<\/strong><\/h5>\n<p>Der K\u00e4ufer hat die gelieferte Ware sofort zu \u00fcberpr\u00fcfen. Eine M\u00e4ngelr\u00fcge ist nur innerhalb eines Monats nach dem Zeitpunkt der Auslieferung unter genauer Bezeichnung der M\u00e4ngel schriftlich uns gegen\u00fcber m\u00f6glich. Wird die Ware im Herbst oder Winter geliefert, in der keine \u00dcberpr\u00fcfung auf Stand und Verarbeitung der Segel stattfinden kann, beginnt die Gew\u00e4hrleistungszeit am darauffolgenden 1. Mai. Die Ware ist unverz\u00fcglich unentgeltlich zur \u00dcberpr\u00fcfung der M\u00e4ngel zuzusenden. Stellt sich die R\u00fcge als berechtigt heraus, so muss uns zur Nachbesserung oder Ersatzlieferung die erforderliche Zeit und M\u00f6glichkeit gew\u00e4hrt werden. Im Falle des Fehlschlagens der Nachbesserung oder Ersatzlieferung kann der Besteller Herabsetzung der Verg\u00fctung verlangen oder vom Vertrag zur\u00fccktreten. Weitergehende Anspr\u00fcche sind ausgeschlossen. F\u00fcr M\u00e4ngel der Lieferungen haften wir durch unentgeltliche Auswechslung oder Nachbesserung solcher Teile, die bei vorschriftsm\u00e4\u00dfiger Benutzung infolge von Material- oder Verarbeitungsfehler innerhalb 24 Monaten unbrauchbar werden.<\/p>\n<p>Der Anspruch auf M\u00e4ngelbeseitigung entf\u00e4llt, wenn durch unsachgem\u00e4\u00dfe Selbst- oder Fremdhilfe der Mangel entstanden oder vergr\u00f6\u00dfert worden ist.<\/p>\n<p>F\u00fcr nachgebesserte Ware oder Ersatzlieferung auch bei Hinzuzahlung durch den Kunden gilt der urspr\u00fcngliche Kaufvertrag und die damit verbundene Gew\u00e4hrleistungszeit.<\/p>\n<p>F\u00fcr Form und Stand der gelieferten Gegenst\u00e4nde erhalten Sie eine Garantie von 12 Monaten. F\u00fcr Sch\u00e4den infolge nat\u00fcrlicher Abn\u00fctzung sowie f\u00fcr Folgesch\u00e4den wird keine Haftung \u00fcbernommen. Weitere Gew\u00e4hrleistungs- und Schadensersatzanspr\u00fcche des K\u00e4ufers sind ausgeschlossen.\u200b<\/p>\n<h5><strong> Export<\/strong><\/h5>\n<p>Ein Export erfolgt nur gegen Vorauskasse. Grunds\u00e4tzlich wird die Mehrwertsteuer berechnet, wenn der Kunde selbst die Ware in das Ausland bringen will. Die Mehrwertsteuer wird nur dann zur\u00fcckgezahlt, wenn bei der Zollabwicklung an der Grenze ein Spediteur eingeschaltet wird und wir die abgestempelte \u201eAusfuhrerkl\u00e4rung\u201c (AE) und\/bzw. oder eine \u201eSpeditionsbescheinigung\u201c f\u00fcr \u201eUmsatzsteuerzwecke\u201c \u00fcberstellt bekommen. Eine mehrwertsteuerfreie Berechnung erfolgt nur dann, wenn es sich bei der Lieferung von vornherein um ein Exportgesch\u00e4ft handelt. Nach einschl\u00e4gigen Bestimmungen ist ein Export von Artikeln f\u00fcr Wasserfahrzeuge dann erf\u00fcllt, wenn:<\/p>\n<p>der Empf\u00e4nger eine Firma oder Person mit festem Sitz im Ausland ist und der Versand durch die Post, Bahn oder Spediteur erfolgt. Ein Transport \u00fcber die Grenze durch den Kunden selbst gilt nicht als Export (es sei denn, der Kunde schaltet an der Grenze zur Abwicklung der Zollformalit\u00e4ten einen Spediteur ein und wir erhalten von diesem eine \u201eSpediteursbescheinigung\u201c siehe oben).<\/p>\n<p>Sollte trotz Einschaltung eines Spediteurs oder Versand durch einen Spediteur ein T2- oder \u00e4hnliches, f\u00fcr den Exportnachweis notwendiges Papier nicht bei der kontrollierenden Zollstelle wieder eingehen und die vom Spediteur geleistete Zollsicherheit in Anspruch genommen und von uns zur\u00fcckverlangt wird, sind wir berechtigt, die Mehrwertsteuer und\/bzw. die in Anspruch genommene Sicherheit auch noch nach 3 Jahren vom Kunden zur\u00fcckzuverlangen.<\/p>\n<h5><strong> Datenspeicherung<\/strong><\/h5>\n<p>Wir erf\u00fcllen die Anforderungen der Europ\u00e4ischen Datenschutzgrundverordnung (EU DS-VGO). F\u00fcr den Umgang mit personenbezogenen Daten gilt die Datenschutzerkl\u00e4rung. Diese k\u00f6nnen Sie jederzeit bei uns erfragen oder \u00fcber die Webseite:<\/p>\n<p><a href=\"https:\/\/www.fritz-segel.com\/datenschutz\/\">www.fritz-segel.com\/datenschutz\/<\/a><\/p>\n<p>einsehen.<\/p>\n<h5><strong> Eigentumsvorbehalt<\/strong><\/h5>\n<p>Die gelieferte Ware bleibt bis zur vollst\u00e4ndigen Bezahlung unser Eigentum. Der Empf\u00e4nger ist berechtigt, \u00fcber die Vorbehaltsware im ordentlichen Gesch\u00e4ftsverkehr zu verf\u00fcgen. Weitergehende Verf\u00fcgungen (Verpf\u00e4ndung, Sicherungs\u00fcbereignung oder Verkauf nach erfolgter Zahlungseinstellung) sind nicht gestattet. Pf\u00e4ndungen der Vorbehaltswaren sind uns sofort unter Beif\u00fcgung einer Abschrift des Pf\u00e4ndungsprotokolls bekanntzugeben.<\/p>\n<p>Ver\u00e4u\u00dfert der Kunde Vorbehaltsware auf Kredit, so gelten die daraus sich ergebenden Kaufpreisforderungen mit ihrer Entstehung als an uns abgetreten. Der Kunde ist solange befugt, die Forderungen einzuziehen, bis ihm dies aufgrund seines Zahlungsverzuges oder Verm\u00f6gensverfalls durch uns untersagt wird. In diesem Fall hat unser Kunde auf Verlangen f\u00fcr jede einzelne Forderung eine Abtretungserkl\u00e4rung und eine Best\u00e4tigung seines Eigentumsvorbehaltes Dritten gegen\u00fcber nachzureichen.<\/p>\n<h5><strong> Anzuwendendes Recht, Gerichtsstand<\/strong><\/h5>\n<p>Die Vertragsbeziehungen unterliegen ausschlie\u00dflich dem Recht der Bundesrepublik Deutschland. Die Anwendung der internationalen Kaufrechtsgesetze ist ausgeschlossen. Gerichtsstand f\u00fcr Vollkaufleute, f\u00fcr Personen, die keinen allgemeinen Gerichtsstand im Inland haben sowie f\u00fcr Personen, die nach Abschluss des Vertrages ihren Wohnsitz oder gew\u00f6hnlichen Aufenthalt ins Ausland verlegt haben oder deren Wohnsitz oder gew\u00f6hnlicher Aufenthalt zum Zeitpunkt der Klageerhebung nicht bekannt ist, ist Rosenheim.<\/p>\n<p>[\/et_pb_text][\/et_pb_column][\/et_pb_row][\/et_pb_section]<\/p>\n","protected":false},"excerpt":{"rendered":"<p>Allgemeine Gesch\u00e4ftsbedingungen Allgemeines Fertigungen und Lieferungen werden ausschlie\u00dflich zu den nachstehenden Bedingungen durchgef\u00fchrt. Der Besteller erkennt mit Erteilung eines Auftrages folgende Fertigungs-, Verkaufs- und Lieferungs\u00adbedingungen an. Alle m\u00fcndlichen Vereinbarungen und Erkl\u00e4rungen werden nur dann Vertragsinhalt, wenn sie schriftlich vereinbart oder schriftlich von uns best\u00e4tigt worden sind. Angebot Unsere Angebote sind stets freibleibend und unverbindlich. Abbildungen, [&hellip;]<\/p>\n","protected":false},"author":1,"featured_media":0,"parent":0,"menu_order":0,"comment_status":"closed","ping_status":"closed","template":"","meta":{"_et_pb_use_builder":"on","_et_pb_old_content":"","_et_gb_content_width":"","footnotes":""},"class_list":["post-2056","page","type-page","status-publish","hentry"],"yoast_head":"<!-- This site is optimized with the Yoast SEO plugin v27.3 - https:\/\/yoast.com\/product\/yoast-seo-wordpress\/ -->\n<title>Allgemeine Gesch\u00e4ftsbedingungen - Fritz Segel<\/title>\n<meta name=\"robots\" content=\"index, follow, max-snippet:-1, max-image-preview:large, max-video-preview:-1\" \/>\n<link rel=\"canonical\" href=\"https:\/\/fritz-segel.com\/agb\/\" \/>\n<meta property=\"og:locale\" content=\"en_US\" \/>\n<meta property=\"og:type\" content=\"article\" \/>\n<meta property=\"og:title\" content=\"Allgemeine Gesch\u00e4ftsbedingungen - Fritz Segel\" \/>\n<meta property=\"og:description\" content=\"Allgemeine Gesch\u00e4ftsbedingungen Allgemeines Fertigungen und Lieferungen werden ausschlie\u00dflich zu den nachstehenden Bedingungen durchgef\u00fchrt. Der Besteller erkennt mit Erteilung eines Auftrages folgende Fertigungs-, Verkaufs- und Lieferungs\u00adbedingungen an. Alle m\u00fcndlichen Vereinbarungen und Erkl\u00e4rungen werden nur dann Vertragsinhalt, wenn sie schriftlich vereinbart oder schriftlich von uns best\u00e4tigt worden sind. Angebot Unsere Angebote sind stets freibleibend und unverbindlich. Abbildungen, [&hellip;]\" \/>\n<meta property=\"og:url\" content=\"https:\/\/fritz-segel.com\/agb\/\" \/>\n<meta property=\"og:site_name\" content=\"Fritz Segel\" \/>\n<meta property=\"article:modified_time\" content=\"2026-03-26T15:00:01+00:00\" \/>\n<meta name=\"twitter:card\" content=\"summary_large_image\" \/>\n<meta name=\"twitter:label1\" content=\"Est. reading time\" \/>\n\t<meta name=\"twitter:data1\" content=\"6 minutes\" \/>\n<script type=\"application\/ld+json\" class=\"yoast-schema-graph\">{\"@context\":\"https:\\\/\\\/schema.org\",\"@graph\":[{\"@type\":\"WebPage\",\"@id\":\"https:\\\/\\\/fritz-segel.com\\\/agb\\\/\",\"url\":\"https:\\\/\\\/fritz-segel.com\\\/agb\\\/\",\"name\":\"Allgemeine Gesch\u00e4ftsbedingungen - Fritz Segel\",\"isPartOf\":{\"@id\":\"https:\\\/\\\/fritz-segel.com\\\/#website\"},\"datePublished\":\"2025-01-28T08:20:53+00:00\",\"dateModified\":\"2026-03-26T15:00:01+00:00\",\"breadcrumb\":{\"@id\":\"https:\\\/\\\/fritz-segel.com\\\/agb\\\/#breadcrumb\"},\"inLanguage\":\"en-US\",\"potentialAction\":[{\"@type\":\"ReadAction\",\"target\":[\"https:\\\/\\\/fritz-segel.com\\\/agb\\\/\"]}]},{\"@type\":\"BreadcrumbList\",\"@id\":\"https:\\\/\\\/fritz-segel.com\\\/agb\\\/#breadcrumb\",\"itemListElement\":[{\"@type\":\"ListItem\",\"position\":1,\"name\":\"Startseite\",\"item\":\"https:\\\/\\\/fritz-segel.com\\\/en\\\/home-page\\\/\"},{\"@type\":\"ListItem\",\"position\":2,\"name\":\"Allgemeine Gesch\u00e4ftsbedingungen\"}]},{\"@type\":\"WebSite\",\"@id\":\"https:\\\/\\\/fritz-segel.com\\\/#website\",\"url\":\"https:\\\/\\\/fritz-segel.com\\\/\",\"name\":\"Fritz Segel\",\"description\":\"Vorn dabei statt mittendrin!\",\"potentialAction\":[{\"@type\":\"SearchAction\",\"target\":{\"@type\":\"EntryPoint\",\"urlTemplate\":\"https:\\\/\\\/fritz-segel.com\\\/?s={search_term_string}\"},\"query-input\":{\"@type\":\"PropertyValueSpecification\",\"valueRequired\":true,\"valueName\":\"search_term_string\"}}],\"inLanguage\":\"en-US\"}]}<\/script>\n<!-- \/ Yoast SEO plugin. -->","yoast_head_json":{"title":"Allgemeine Gesch\u00e4ftsbedingungen - Fritz Segel","robots":{"index":"index","follow":"follow","max-snippet":"max-snippet:-1","max-image-preview":"max-image-preview:large","max-video-preview":"max-video-preview:-1"},"canonical":"https:\/\/fritz-segel.com\/agb\/","og_locale":"en_US","og_type":"article","og_title":"Allgemeine Gesch\u00e4ftsbedingungen - Fritz Segel","og_description":"Allgemeine Gesch\u00e4ftsbedingungen Allgemeines Fertigungen und Lieferungen werden ausschlie\u00dflich zu den nachstehenden Bedingungen durchgef\u00fchrt. Der Besteller erkennt mit Erteilung eines Auftrages folgende Fertigungs-, Verkaufs- und Lieferungs\u00adbedingungen an. Alle m\u00fcndlichen Vereinbarungen und Erkl\u00e4rungen werden nur dann Vertragsinhalt, wenn sie schriftlich vereinbart oder schriftlich von uns best\u00e4tigt worden sind. Angebot Unsere Angebote sind stets freibleibend und unverbindlich. Abbildungen, [&hellip;]","og_url":"https:\/\/fritz-segel.com\/agb\/","og_site_name":"Fritz Segel","article_modified_time":"2026-03-26T15:00:01+00:00","twitter_card":"summary_large_image","twitter_misc":{"Est. reading time":"6 minutes"},"schema":{"@context":"https:\/\/schema.org","@graph":[{"@type":"WebPage","@id":"https:\/\/fritz-segel.com\/agb\/","url":"https:\/\/fritz-segel.com\/agb\/","name":"Allgemeine Gesch\u00e4ftsbedingungen - Fritz Segel","isPartOf":{"@id":"https:\/\/fritz-segel.com\/#website"},"datePublished":"2025-01-28T08:20:53+00:00","dateModified":"2026-03-26T15:00:01+00:00","breadcrumb":{"@id":"https:\/\/fritz-segel.com\/agb\/#breadcrumb"},"inLanguage":"en-US","potentialAction":[{"@type":"ReadAction","target":["https:\/\/fritz-segel.com\/agb\/"]}]},{"@type":"BreadcrumbList","@id":"https:\/\/fritz-segel.com\/agb\/#breadcrumb","itemListElement":[{"@type":"ListItem","position":1,"name":"Startseite","item":"https:\/\/fritz-segel.com\/en\/home-page\/"},{"@type":"ListItem","position":2,"name":"Allgemeine Gesch\u00e4ftsbedingungen"}]},{"@type":"WebSite","@id":"https:\/\/fritz-segel.com\/#website","url":"https:\/\/fritz-segel.com\/","name":"Fritz Segel","description":"Vorn dabei statt mittendrin!","potentialAction":[{"@type":"SearchAction","target":{"@type":"EntryPoint","urlTemplate":"https:\/\/fritz-segel.com\/?s={search_term_string}"},"query-input":{"@type":"PropertyValueSpecification","valueRequired":true,"valueName":"search_term_string"}}],"inLanguage":"en-US"}]}},"_links":{"self":[{"href":"https:\/\/fritz-segel.com\/en\/wp-json\/wp\/v2\/pages\/2056","targetHints":{"allow":["GET"]}}],"collection":[{"href":"https:\/\/fritz-segel.com\/en\/wp-json\/wp\/v2\/pages"}],"about":[{"href":"https:\/\/fritz-segel.com\/en\/wp-json\/wp\/v2\/types\/page"}],"author":[{"embeddable":true,"href":"https:\/\/fritz-segel.com\/en\/wp-json\/wp\/v2\/users\/1"}],"replies":[{"embeddable":true,"href":"https:\/\/fritz-segel.com\/en\/wp-json\/wp\/v2\/comments?post=2056"}],"version-history":[{"count":8,"href":"https:\/\/fritz-segel.com\/en\/wp-json\/wp\/v2\/pages\/2056\/revisions"}],"predecessor-version":[{"id":9542,"href":"https:\/\/fritz-segel.com\/en\/wp-json\/wp\/v2\/pages\/2056\/revisions\/9542"}],"wp:attachment":[{"href":"https:\/\/fritz-segel.com\/en\/wp-json\/wp\/v2\/media?parent=2056"}],"curies":[{"name":"wp","href":"https:\/\/api.w.org\/{rel}","templated":true}]}}